{"id":383,"date":"2026-04-11T15:43:42","date_gmt":"2026-04-11T15:43:42","guid":{"rendered":"https:\/\/dondeeloso.cl\/index.php\/producto\/juguete-didactico-de-encaje-20-piezas\/"},"modified":"2026-04-11T15:58:12","modified_gmt":"2026-04-11T15:58:12","slug":"juguete-didactico-de-encaje-20-piezas","status":"publish","type":"product","link":"https:\/\/dondeeloso.cl\/index.php\/producto\/juguete-didactico-de-encaje-20-piezas\/","title":{"rendered":"Juguete Didactico De Encaje 20 Piezas"},"content":{"rendered":"<p>Medidas 31 cm x 8 cm a x 7 cm DIVERSION Y ENTRETENIMIENTO Bloques apilables geometricos de madera en diferentes formas y colores brillantes, Clasifique combine y apile en postes de madera con el color correspondiente 5 formas y 5 colores, MEJORE LAS HABILIDADES, El juego de rompecabezas interactivo y educativo ayuda a los ni\u00f1os en edad preescolar a aprender a clasificar y combinar formas y colores Mejora la motricidad fina y el reconocimiento de colores Fomenta el juego independiente DISE\u00d1O ADECUADO PARA NI\u00d1OS Tama\u00f1o perfecto para las manos de los ni\u00f1os peque\u00f1os El tama\u00f1o grueso y el borde liso facilitan el agarre de los dedos peque\u00f1os SEGURO PARA NI\u00d1OS PROBADO hecho con madera duradera de alta calidad sin BPA sin plomo sin ftalatos segura para ni\u00f1os este juguete esta construido para durar, Ideal para edades de 18 meses 2 3 y 4 a\u00f1os<\/p>\n","protected":false},"excerpt":{"rendered":"<p>Medidas 31 cm x 8 cm a x 7 cm DIVERSION Y ENTRETENIMIENTO Bloques apilables geometricos de madera en diferentes [&hellip;]<\/p>\n","protected":false},"featured_media":392,"comment_status":"open","ping_status":"closed","template":"","meta":{"site-sidebar-layout":"default","site-content-layout":"","ast-site-content-layout":"default","site-content-style":"default","site-sidebar-style":"default","ast-global-header-display":"","ast-banner-title-visibility":"","ast-main-header-display":"","ast-hfb-above-header-display":"","ast-hfb-below-header-display":"","ast-hfb-mobile-header-display":"","site-post-title":"","ast-breadcrumbs-content":"","ast-featured-img":"","footer-sml-layout":"","ast-disable-related-posts":"","theme-transparent-header-meta":"default","adv-header-id-meta":"","stick-header-meta":"","header-above-stick-meta":"","header-main-stick-meta":"","header-below-stick-meta":"","astra-migrate-meta-layouts":"set","ast-page-background-enabled":"default","ast-page-background-meta":{"desktop":{"background-color":"var(--ast-global-color-5)","background-image":"","background-repeat":"repeat","background-position":"center center","background-size":"auto","background-attachment":"scroll","background-type":"","background-media":"","overlay-type":"","overlay-color":"","overlay-opacity":"","overlay-gradient":""},"tablet":{"background-color":"","background-image":"","background-repeat":"repeat","background-position":"center center","background-size":"auto","background-attachment":"scroll","background-type":"","background-media":"","overlay-type":"","overlay-color":"","overlay-opacity":"","overlay-gradient":""},"mobile":{"background-color":"","background-image":"","background-repeat":"repeat","background-position":"center center","background-size":"auto","background-attachment":"scroll","background-type":"","background-media":"","overlay-type":"","overlay-color":"","overlay-opacity":"","overlay-gradient":""}},"ast-content-background-meta":{"desktop":{"background-color":"var(--ast-global-color-4)","background-image":"","background-repeat":"repeat","background-position":"center center","background-size":"auto","background-attachment":"scroll","background-type":"","background-media":"","overlay-type":"","overlay-color":"","overlay-opacity":"","overlay-gradient":""},"tablet":{"background-color":"var(--ast-global-color-4)","background-image":"","background-repeat":"repeat","background-position":"center center","background-size":"auto","background-attachment":"scroll","background-type":"","background-media":"","overlay-type":"","overlay-color":"","overlay-opacity":"","overlay-gradient":""},"mobile":{"background-color":"var(--ast-global-color-4)","background-image":"","background-repeat":"repeat","background-position":"center center","background-size":"auto","background-attachment":"scroll","background-type":"","background-media":"","overlay-type":"","overlay-color":"","overlay-opacity":"","overlay-gradient":""}}},"product_brand":[],"product_cat":[41],"product_tag":[],"class_list":{"0":"post-383","1":"product","2":"type-product","3":"status-publish","4":"has-post-thumbnail","6":"product_cat-dropi-chile","7":"desktop-align-left","8":"tablet-align-left","9":"mobile-align-left","11":"first","12":"instock","13":"taxable","14":"shipping-taxable","15":"purchasable","16":"product-type-simple"},"jetpack_sharing_enabled":true,"_links":{"self":[{"href":"https:\/\/dondeeloso.cl\/index.php\/wp-json\/wp\/v2\/product\/383","targetHints":{"allow":["GET"]}}],"collection":[{"href":"https:\/\/dondeeloso.cl\/index.php\/wp-json\/wp\/v2\/product"}],"about":[{"href":"https:\/\/dondeeloso.cl\/index.php\/wp-json\/wp\/v2\/types\/product"}],"replies":[{"embeddable":true,"href":"https:\/\/dondeeloso.cl\/index.php\/wp-json\/wp\/v2\/comments?post=383"}],"wp:featuredmedia":[{"embeddable":true,"href":"https:\/\/dondeeloso.cl\/index.php\/wp-json\/wp\/v2\/media\/392"}],"wp:attachment":[{"href":"https:\/\/dondeeloso.cl\/index.php\/wp-json\/wp\/v2\/media?parent=383"}],"wp:term":[{"taxonomy":"product_brand","embeddable":true,"href":"https:\/\/dondeeloso.cl\/index.php\/wp-json\/wp\/v2\/product_brand?post=383"},{"taxonomy":"product_cat","embeddable":true,"href":"https:\/\/dondeeloso.cl\/index.php\/wp-json\/wp\/v2\/product_cat?post=383"},{"taxonomy":"product_tag","embeddable":true,"href":"https:\/\/dondeeloso.cl\/index.php\/wp-json\/wp\/v2\/product_tag?post=383"}],"curies":[{"name":"wp","href":"https:\/\/api.w.org\/{rel}","templated":true}]}}