{"id":355,"date":"2026-04-10T02:26:36","date_gmt":"2026-04-10T02:26:36","guid":{"rendered":"https:\/\/dondeeloso.cl\/index.php\/producto\/olla-freidora-con-cestillo-aluminio\/"},"modified":"2026-04-10T02:51:18","modified_gmt":"2026-04-10T02:51:18","slug":"olla-freidora-con-cestillo-aluminio","status":"publish","type":"product","link":"https:\/\/dondeeloso.cl\/index.php\/producto\/olla-freidora-con-cestillo-aluminio\/","title":{"rendered":"Olla Freidora Con Cestillo Aluminio"},"content":{"rendered":"<p>BRINOX\u00ae<br \/>PRODUCTO DE CALIDAD MARCA BRINOX Y FABRICADO EN BRASIL<\/p>\n<p>OLLAS CON REVESTIMIENTO PRO-FLON &#8211; ANTIADERENTE<br \/>Para expresar su libertad en la cocina, traducimos los estilos de vida m\u00e1s diversos en diferentes l\u00edneas, formas, colores y composiciones.<\/p>\n<p>\u2022 Estructura de aluminio para una cocci\u00f3n m\u00e1s r\u00e1pida.<br \/>\u2022 Antiadherente Pro-Flon. Material que nos permite que la limpieza del producto sea m\u00e1s f\u00e1cil incluso con un uso reducido de aceite.<br \/>\u2022 Libre de PFOA.<br \/>\u2022 Tapa de vidrio con salida de vapor.<br \/>\u2022 Mangos de pl\u00e1stico que no se calientan y nos permiten estar m\u00e1s seguros al momento de cocinar.<\/p>\n<p>BRINOX\u00ae<\/p>\n<p>PRODUCTO DE CALIDAD MARCA BRINOX Y FABRICADO EN BRASIL<\/p>\n<p>FREIDORA CON CESTILLO DE ALUMINIO Y ANTIADERENTE PRO-FLON<br \/>20 CM DE DI\u00c1METRO Y 10 CMS DE ALTO<br \/>COLOR COBRE<br \/>2.65 LITROS DE CAPACIDAD<\/p>\n","protected":false},"excerpt":{"rendered":"<p>BRINOX\u00aePRODUCTO DE CALIDAD MARCA BRINOX Y FABRICADO EN BRASIL OLLAS CON REVESTIMIENTO PRO-FLON &#8211; ANTIADERENTEPara expresar su libertad en la [&hellip;]<\/p>\n","protected":false},"featured_media":364,"comment_status":"open","ping_status":"closed","template":"","meta":{"site-sidebar-layout":"default","site-content-layout":"","ast-site-content-layout":"default","site-content-style":"default","site-sidebar-style":"default","ast-global-header-display":"","ast-banner-title-visibility":"","ast-main-header-display":"","ast-hfb-above-header-display":"","ast-hfb-below-header-display":"","ast-hfb-mobile-header-display":"","site-post-title":"","ast-breadcrumbs-content":"","ast-featured-img":"","footer-sml-layout":"","ast-disable-related-posts":"","theme-transparent-header-meta":"default","adv-header-id-meta":"","stick-header-meta":"","header-above-stick-meta":"","header-main-stick-meta":"","header-below-stick-meta":"","astra-migrate-meta-layouts":"set","ast-page-background-enabled":"default","ast-page-background-meta":{"desktop":{"background-color":"var(--ast-global-color-5)","background-image":"","background-repeat":"repeat","background-position":"center center","background-size":"auto","background-attachment":"scroll","background-type":"","background-media":"","overlay-type":"","overlay-color":"","overlay-opacity":"","overlay-gradient":""},"tablet":{"background-color":"","background-image":"","background-repeat":"repeat","background-position":"center center","background-size":"auto","background-attachment":"scroll","background-type":"","background-media":"","overlay-type":"","overlay-color":"","overlay-opacity":"","overlay-gradient":""},"mobile":{"background-color":"","background-image":"","background-repeat":"repeat","background-position":"center center","background-size":"auto","background-attachment":"scroll","background-type":"","background-media":"","overlay-type":"","overlay-color":"","overlay-opacity":"","overlay-gradient":""}},"ast-content-background-meta":{"desktop":{"background-color":"var(--ast-global-color-4)","background-image":"","background-repeat":"repeat","background-position":"center center","background-size":"auto","background-attachment":"scroll","background-type":"","background-media":"","overlay-type":"","overlay-color":"","overlay-opacity":"","overlay-gradient":""},"tablet":{"background-color":"var(--ast-global-color-4)","background-image":"","background-repeat":"repeat","background-position":"center center","background-size":"auto","background-attachment":"scroll","background-type":"","background-media":"","overlay-type":"","overlay-color":"","overlay-opacity":"","overlay-gradient":""},"mobile":{"background-color":"var(--ast-global-color-4)","background-image":"","background-repeat":"repeat","background-position":"center center","background-size":"auto","background-attachment":"scroll","background-type":"","background-media":"","overlay-type":"","overlay-color":"","overlay-opacity":"","overlay-gradient":""}}},"product_brand":[],"product_cat":[41],"product_tag":[],"class_list":{"0":"post-355","1":"product","2":"type-product","3":"status-publish","4":"has-post-thumbnail","6":"product_cat-dropi-chile","7":"desktop-align-left","8":"tablet-align-left","9":"mobile-align-left","11":"first","12":"instock","13":"taxable","14":"shipping-taxable","15":"purchasable","16":"product-type-simple"},"_links":{"self":[{"href":"https:\/\/dondeeloso.cl\/index.php\/wp-json\/wp\/v2\/product\/355","targetHints":{"allow":["GET"]}}],"collection":[{"href":"https:\/\/dondeeloso.cl\/index.php\/wp-json\/wp\/v2\/product"}],"about":[{"href":"https:\/\/dondeeloso.cl\/index.php\/wp-json\/wp\/v2\/types\/product"}],"replies":[{"embeddable":true,"href":"https:\/\/dondeeloso.cl\/index.php\/wp-json\/wp\/v2\/comments?post=355"}],"wp:featuredmedia":[{"embeddable":true,"href":"https:\/\/dondeeloso.cl\/index.php\/wp-json\/wp\/v2\/media\/364"}],"wp:attachment":[{"href":"https:\/\/dondeeloso.cl\/index.php\/wp-json\/wp\/v2\/media?parent=355"}],"wp:term":[{"taxonomy":"product_brand","embeddable":true,"href":"https:\/\/dondeeloso.cl\/index.php\/wp-json\/wp\/v2\/product_brand?post=355"},{"taxonomy":"product_cat","embeddable":true,"href":"https:\/\/dondeeloso.cl\/index.php\/wp-json\/wp\/v2\/product_cat?post=355"},{"taxonomy":"product_tag","embeddable":true,"href":"https:\/\/dondeeloso.cl\/index.php\/wp-json\/wp\/v2\/product_tag?post=355"}],"curies":[{"name":"wp","href":"https:\/\/api.w.org\/{rel}","templated":true}]}}