{"id":318,"date":"2026-04-05T00:02:24","date_gmt":"2026-04-05T00:02:24","guid":{"rendered":"https:\/\/dondeeloso.cl\/?page_id=318"},"modified":"2026-04-06T18:52:12","modified_gmt":"2026-04-06T18:52:12","slug":"inicio","status":"publish","type":"page","link":"https:\/\/dondeeloso.cl\/","title":{"rendered":"Encomiendas, bazar y compras rapidas en Talagante"},"content":{"rendered":"\n<figure class=\"wp-block-image aligncenter size-large is-resized\"><img loading=\"lazy\" decoding=\"async\" width=\"1024\" height=\"683\" src=\"https:\/\/dondeeloso.cl\/wp-content\/uploads\/2026\/04\/foto-frontis-1024x683.png\" alt=\"\" class=\"wp-image-351\" style=\"object-fit:cover;width:700px;height:400px\" srcset=\"https:\/\/dondeeloso.cl\/wp-content\/uploads\/2026\/04\/foto-frontis-1024x683.png 1024w, https:\/\/dondeeloso.cl\/wp-content\/uploads\/2026\/04\/foto-frontis-300x200.png 300w, https:\/\/dondeeloso.cl\/wp-content\/uploads\/2026\/04\/foto-frontis-768x512.png 768w, https:\/\/dondeeloso.cl\/wp-content\/uploads\/2026\/04\/foto-frontis-1320x880.png 1320w, https:\/\/dondeeloso.cl\/wp-content\/uploads\/2026\/04\/foto-frontis-600x400.png 600w, https:\/\/dondeeloso.cl\/wp-content\/uploads\/2026\/04\/foto-frontis.png 1536w\" sizes=\"auto, (max-width: 1024px) 100vw, 1024px\" \/><\/figure>\n\n\n\n<p><\/p>\n\n\n<p>Recibe y retira tus encomiendas, compra productos \u00fatiles para el d\u00eda a d\u00eda y cont\u00e1ctanos por WhatsApp para una atenci\u00f3n r\u00e1pida y cerca<\/p>\n\n\n<div class=\"wp-block-buttons is-layout-flex wp-block-buttons-is-layout-flex\">\n<div class=\"wp-block-button\"><a class=\"wp-block-button__link wp-element-button\" href=\"https:\/\/dondeeloso.cl\/index.php\/servicio-de-encomiendas\/\">Ver servicios de Encomiendas<\/a><\/div>\n\n\n\n<div class=\"wp-block-button\"><a class=\"wp-block-button__link wp-element-button\" href=\"https:\/\/dondeeloso.cl\/index.php\/tienda\/\">Ir a la Tienda<\/a><\/div>\n<\/div>\n\n\n\n<p><\/p>\n\n\n\n<div class=\"wp-block-columns is-layout-flex wp-container-core-columns-is-layout-28f84493 wp-block-columns-is-layout-flex\">\n<div class=\"wp-block-column is-layout-flow wp-block-column-is-layout-flow\">\n<h2 class=\"wp-block-heading\">Encomiendas<\/h2>\n\n\n\n<p>Recibe y retira tus encomiendas con atenci\u00f3n r\u00e1pida en Talagante.<\/p>\n<\/div>\n\n\n\n<div class=\"wp-block-column is-layout-flow wp-block-column-is-layout-flow\">\n<h2 class=\"wp-block-heading\">Bazar y hogar<\/h2>\n\n\n\n<p>Encuentra productos \u00fatiles de limpieza, hogar y compras del d\u00eda a d\u00eda.<\/p>\n<\/div>\n\n\n\n<div class=\"wp-block-column is-layout-flow wp-block-column-is-layout-flow\">\n<h2 class=\"wp-block-heading\">Atenci\u00f3n r\u00e1pida<\/h2>\n\n\n\n<p>Haz tus consultas por WhatsApp y recibe ayuda directa para compras y encomiendas.<\/p>\n<\/div>\n<\/div>\n\n\n\n<p><\/p>\n","protected":false},"excerpt":{"rendered":"<p>Recibe y retira tus encomiendas, compra productos \u00fatiles para el d\u00eda a d\u00eda y cont\u00e1ctanos por WhatsApp para una atenci\u00f3n [&hellip;]<\/p>\n","protected":false},"author":1,"featured_media":0,"parent":0,"menu_order":0,"comment_status":"closed","ping_status":"closed","template":"","meta":{"site-sidebar-layout":"default","site-content-layout":"","ast-site-content-layout":"default","site-content-style":"default","site-sidebar-style":"default","ast-global-header-display":"","ast-banner-title-visibility":"","ast-main-header-display":"","ast-hfb-above-header-display":"","ast-hfb-below-header-display":"","ast-hfb-mobile-header-display":"","site-post-title":"disabled","ast-breadcrumbs-content":"","ast-featured-img":"","footer-sml-layout":"","ast-disable-related-posts":"","theme-transparent-header-meta":"","adv-header-id-meta":"","stick-header-meta":"","header-above-stick-meta":"","header-main-stick-meta":"","header-below-stick-meta":"","astra-migrate-meta-layouts":"default","ast-page-background-enabled":"default","ast-page-background-meta":{"desktop":{"background-color":"var(--ast-global-color-5)","background-image":"","background-repeat":"repeat","background-position":"center center","background-size":"auto","background-attachment":"scroll","background-type":"","background-media":"","overlay-type":"","overlay-color":"","overlay-opacity":"","overlay-gradient":""},"tablet":{"background-color":"","background-image":"","background-repeat":"repeat","background-position":"center center","background-size":"auto","background-attachment":"scroll","background-type":"","background-media":"","overlay-type":"","overlay-color":"","overlay-opacity":"","overlay-gradient":""},"mobile":{"background-color":"","background-image":"","background-repeat":"repeat","background-position":"center center","background-size":"auto","background-attachment":"scroll","background-type":"","background-media":"","overlay-type":"","overlay-color":"","overlay-opacity":"","overlay-gradient":""}},"ast-content-background-meta":{"desktop":{"background-color":"var(--ast-global-color-4)","background-image":"","background-repeat":"repeat","background-position":"center center","background-size":"auto","background-attachment":"scroll","background-type":"","background-media":"","overlay-type":"","overlay-color":"","overlay-opacity":"","overlay-gradient":""},"tablet":{"background-color":"var(--ast-global-color-4)","background-image":"","background-repeat":"repeat","background-position":"center center","background-size":"auto","background-attachment":"scroll","background-type":"","background-media":"","overlay-type":"","overlay-color":"","overlay-opacity":"","overlay-gradient":""},"mobile":{"background-color":"var(--ast-global-color-4)","background-image":"","background-repeat":"repeat","background-position":"center center","background-size":"auto","background-attachment":"scroll","background-type":"","background-media":"","overlay-type":"","overlay-color":"","overlay-opacity":"","overlay-gradient":""}},"footnotes":""},"class_list":["post-318","page","type-page","status-publish","hentry"],"jetpack_sharing_enabled":true,"_links":{"self":[{"href":"https:\/\/dondeeloso.cl\/index.php\/wp-json\/wp\/v2\/pages\/318","targetHints":{"allow":["GET"]}}],"collection":[{"href":"https:\/\/dondeeloso.cl\/index.php\/wp-json\/wp\/v2\/pages"}],"about":[{"href":"https:\/\/dondeeloso.cl\/index.php\/wp-json\/wp\/v2\/types\/page"}],"author":[{"embeddable":true,"href":"https:\/\/dondeeloso.cl\/index.php\/wp-json\/wp\/v2\/users\/1"}],"replies":[{"embeddable":true,"href":"https:\/\/dondeeloso.cl\/index.php\/wp-json\/wp\/v2\/comments?post=318"}],"version-history":[{"count":8,"href":"https:\/\/dondeeloso.cl\/index.php\/wp-json\/wp\/v2\/pages\/318\/revisions"}],"predecessor-version":[{"id":352,"href":"https:\/\/dondeeloso.cl\/index.php\/wp-json\/wp\/v2\/pages\/318\/revisions\/352"}],"wp:attachment":[{"href":"https:\/\/dondeeloso.cl\/index.php\/wp-json\/wp\/v2\/media?parent=318"}],"curies":[{"name":"wp","href":"https:\/\/api.w.org\/{rel}","templated":true}]}}